{"id":26,"date":"2019-03-15T19:40:21","date_gmt":"2019-03-15T19:40:21","guid":{"rendered":"https:\/\/memokids.com.br\/blog\/?page_id=26"},"modified":"2024-05-22T12:11:43","modified_gmt":"2024-05-22T12:11:43","slug":"quem-e-renato-alves-3","status":"publish","type":"page","link":"https:\/\/memokids.com.br\/blog\/quem-e-renato-alves-3\/","title":{"rendered":"Quem \u00e9 Renato Alves?"},"content":{"rendered":"\n<figure class=\"wp-block-image\"><img decoding=\"async\" src=\"https:\/\/renatoalves.com.br\/blog\/wp-content\/uploads\/2018\/08\/bienal-do-livro-01.jpg\" alt=\"\" class=\"wp-image-5497\"\/><figcaption>Renato Alves na Bienal do livro 2018<\/figcaption><\/figure>\n\n\n\n<p><strong>Eu acredito, do fundo do meu cora\u00e7\u00e3o<\/strong>, que todo estudante que passa horas isolado num quarto, que abre m\u00e3o do final de semana para estudar dezenas de livros, que enfrenta a fam\u00edlia, que abre m\u00e3o da vida social em busca do sonho da aprova\u00e7\u00e3o, MERECE VENCER.Existem muitas formas de vencer na vida, entretanto,&nbsp;<strong>vencer pelos estudos \u00e9 a maior honra<\/strong>&nbsp;que algu\u00e9m pode receber. Vencer na vida por ter se dedicado a leitura de bons livros, por ter desafiado milhares de vezes seu intelecto, por ter arrasando nas provas de vestibulares e concursos \u00e9 a maior medalha de compet\u00eancia que um ser humano pode carregar.\u00c9 atrav\u00e9s do ensino de estrat\u00e9gias de aprendizagem acelerada, estudo e memoriza\u00e7\u00e3o de livros que tenho assistido todos os dias, ao longo dos \u00faltimos 20 anos, a vit\u00f3ria de pessoas comuns que passaram entre os primeiros colocados em provas, vestibulares e concursos.A minha miss\u00e3o de vida \u00e9 ajudar voc\u00ea a buscar a sua aprova\u00e7\u00e3o.Sinta-se \u00e0 vontade em meu Blog.Um forte abra\u00e7o,Renato Alves.<\/p>\n\n\n\n<hr class=\"wp-block-separator\"\/>\n\n\n\n<p><a href=\"https:\/\/www.renatoalves.com.br\/\"><strong>Renato Alves<\/strong><\/a>\u00a0foi o primeiro brasileiro a receber o t\u00edtulo de\u00a0<em>Melhor Mem\u00f3ria do Brasil.<\/em>O t\u00edtulo in\u00e9dito foi homologado no\u00a0<em>Rank Brasil<\/em>, o livro dos recordes nacionais.Graduado em Ci\u00eancias da Computa\u00e7\u00e3o pela Universidade de Mar\u00edlia, trabalhou com an\u00e1lise e desenvolvimento de sistemas computacionais. Foi professor de algoritmos de programa\u00e7\u00e3o e estudou Ci\u00eancias Cognitivas e Filosofia da Mente pela UNESP e p\u00f3s-graduado em Gest\u00e3o Empresarial.Membro do GAEC (Grupo Acad\u00eamico de Estudos Cognitivos) e tornou-se pesquisador cognitivo nas \u00e1reas de aprendizagem, concentra\u00e7\u00e3o e mem\u00f3ria. Autor dos livros:<\/p>\n\n\n\n<p><strong>Os segredos para ter mem\u00f3ria forte e c\u00e9rebro sempre jovem;<\/strong><\/p>\n\n\n\n<p><strong>O C\u00e9rebro com Foco e Disciplina;<\/strong><\/p>\n\n\n\n<p><strong>Fa\u00e7a seu C\u00e9rebro Trabalhar para Voc\u00ea;<\/strong><\/p>\n\n\n\n<p><strong>N\u00e3o Pergunte se ele Estudou;<\/strong><\/p>\n\n\n\n<p><strong>Os 10 H\u00e1bitos da Memoriza\u00e7\u00e3o;Di\u00e1logo sem Duelo;<\/strong><\/p>\n\n\n\n<p><strong>O Segredo dos G\u00eanios;Branco na Mem\u00f3ria;<\/strong><\/p>\n\n\n\n<p>Palestrante de renome internacional os trabalhos desenvolvidos por Renato Alves j\u00e1 impactaram mais de 3 milh\u00f5es de pessoas em mais de 100 pa\u00edses.<\/p>\n\n\n\n<p>Para ver a biografia completa <a href=\"https:\/\/renatoalves.com.br\/minha_historia\/\">clique aqui!<\/a><\/p>\n","protected":false},"excerpt":{"rendered":"<p>Eu acredito, do fundo do meu cora\u00e7\u00e3o, que todo estudante que passa horas isolado num quarto, que abre m\u00e3o do final de semana para estudar dezenas de livros, que enfrenta a fam\u00edlia, que abre m\u00e3o da vida social em busca do sonho da aprova\u00e7\u00e3o, MERECE VENCER.Existem muitas formas de vencer na vida, entretanto,&nbsp;vencer pelos estudos [&hellip;]<\/p>\n","protected":false},"author":1,"featured_media":0,"parent":0,"menu_order":0,"comment_status":"closed","ping_status":"closed","template":"","meta":{"footnotes":""},"class_list":["post-26","page","type-page","status-publish","hentry"],"yoast_head":"<!-- This site is optimized with the Yoast SEO plugin v27.5 - https:\/\/yoast.com\/product\/yoast-seo-wordpress\/ -->\n<title>Quem \u00e9 Renato Alves? - BLOG Memokids<\/title>\n<meta name=\"robots\" content=\"index, follow, max-snippet:-1, max-image-preview:large, max-video-preview:-1\" \/>\n<link rel=\"canonical\" href=\"https:\/\/memokids.com.br\/blog\/quem-e-renato-alves-3\/\" \/>\n<meta property=\"og:locale\" content=\"pt_PT\" \/>\n<meta property=\"og:type\" content=\"article\" \/>\n<meta property=\"og:title\" content=\"Quem \u00e9 Renato Alves? - BLOG Memokids\" \/>\n<meta property=\"og:description\" content=\"Eu acredito, do fundo do meu cora\u00e7\u00e3o, que todo estudante que passa horas isolado num quarto, que abre m\u00e3o do final de semana para estudar dezenas de livros, que enfrenta a fam\u00edlia, que abre m\u00e3o da vida social em busca do sonho da aprova\u00e7\u00e3o, MERECE VENCER.Existem muitas formas de vencer na vida, entretanto,&nbsp;vencer pelos estudos [&hellip;]\" \/>\n<meta property=\"og:url\" content=\"https:\/\/memokids.com.br\/blog\/quem-e-renato-alves-3\/\" \/>\n<meta property=\"og:site_name\" content=\"BLOG Memokids\" \/>\n<meta property=\"article:modified_time\" content=\"2024-05-22T12:11:43+00:00\" \/>\n<meta property=\"og:image\" content=\"https:\/\/renatoalves.com.br\/blog\/wp-content\/uploads\/2018\/08\/bienal-do-livro-01.jpg\" \/>\n<meta name=\"twitter:card\" content=\"summary_large_image\" \/>\n<meta name=\"twitter:label1\" content=\"Tempo estimado de leitura\" \/>\n\t<meta name=\"twitter:data1\" content=\"2 minutos\" \/>\n<script type=\"application\/ld+json\" class=\"yoast-schema-graph\">{\"@context\":\"https:\\\/\\\/schema.org\",\"@graph\":[{\"@type\":\"WebPage\",\"@id\":\"https:\\\/\\\/memokids.com.br\\\/blog\\\/quem-e-renato-alves-3\\\/\",\"url\":\"https:\\\/\\\/memokids.com.br\\\/blog\\\/quem-e-renato-alves-3\\\/\",\"name\":\"Quem \u00e9 Renato Alves? - BLOG Memokids\",\"isPartOf\":{\"@id\":\"https:\\\/\\\/memokids.com.br\\\/blog\\\/#website\"},\"primaryImageOfPage\":{\"@id\":\"https:\\\/\\\/memokids.com.br\\\/blog\\\/quem-e-renato-alves-3\\\/#primaryimage\"},\"image\":{\"@id\":\"https:\\\/\\\/memokids.com.br\\\/blog\\\/quem-e-renato-alves-3\\\/#primaryimage\"},\"thumbnailUrl\":\"https:\\\/\\\/renatoalves.com.br\\\/blog\\\/wp-content\\\/uploads\\\/2018\\\/08\\\/bienal-do-livro-01.jpg\",\"datePublished\":\"2019-03-15T19:40:21+00:00\",\"dateModified\":\"2024-05-22T12:11:43+00:00\",\"breadcrumb\":{\"@id\":\"https:\\\/\\\/memokids.com.br\\\/blog\\\/quem-e-renato-alves-3\\\/#breadcrumb\"},\"inLanguage\":\"pt-PT\",\"potentialAction\":[{\"@type\":\"ReadAction\",\"target\":[\"https:\\\/\\\/memokids.com.br\\\/blog\\\/quem-e-renato-alves-3\\\/\"]}]},{\"@type\":\"ImageObject\",\"inLanguage\":\"pt-PT\",\"@id\":\"https:\\\/\\\/memokids.com.br\\\/blog\\\/quem-e-renato-alves-3\\\/#primaryimage\",\"url\":\"https:\\\/\\\/renatoalves.com.br\\\/blog\\\/wp-content\\\/uploads\\\/2018\\\/08\\\/bienal-do-livro-01.jpg\",\"contentUrl\":\"https:\\\/\\\/renatoalves.com.br\\\/blog\\\/wp-content\\\/uploads\\\/2018\\\/08\\\/bienal-do-livro-01.jpg\"},{\"@type\":\"BreadcrumbList\",\"@id\":\"https:\\\/\\\/memokids.com.br\\\/blog\\\/quem-e-renato-alves-3\\\/#breadcrumb\",\"itemListElement\":[{\"@type\":\"ListItem\",\"position\":1,\"name\":\"In\u00edcio\",\"item\":\"https:\\\/\\\/memokids.com.br\\\/blog\\\/\"},{\"@type\":\"ListItem\",\"position\":2,\"name\":\"Quem \u00e9 Renato Alves?\"}]},{\"@type\":\"WebSite\",\"@id\":\"https:\\\/\\\/memokids.com.br\\\/blog\\\/#website\",\"url\":\"https:\\\/\\\/memokids.com.br\\\/blog\\\/\",\"name\":\"BLOG Memokids\",\"description\":\"Aprenda a estudar da forma certa\",\"publisher\":{\"@id\":\"https:\\\/\\\/memokids.com.br\\\/blog\\\/#organization\"},\"potentialAction\":[{\"@type\":\"SearchAction\",\"target\":{\"@type\":\"EntryPoint\",\"urlTemplate\":\"https:\\\/\\\/memokids.com.br\\\/blog\\\/?s={search_term_string}\"},\"query-input\":{\"@type\":\"PropertyValueSpecification\",\"valueRequired\":true,\"valueName\":\"search_term_string\"}}],\"inLanguage\":\"pt-PT\"},{\"@type\":\"Organization\",\"@id\":\"https:\\\/\\\/memokids.com.br\\\/blog\\\/#organization\",\"name\":\"BLOG Memokids\",\"url\":\"https:\\\/\\\/memokids.com.br\\\/blog\\\/\",\"logo\":{\"@type\":\"ImageObject\",\"inLanguage\":\"pt-PT\",\"@id\":\"https:\\\/\\\/memokids.com.br\\\/blog\\\/#\\\/schema\\\/logo\\\/image\\\/\",\"url\":\"https:\\\/\\\/memokids.com.br\\\/blog\\\/wp-content\\\/uploads\\\/2019\\\/08\\\/admin-logo.png\",\"contentUrl\":\"https:\\\/\\\/memokids.com.br\\\/blog\\\/wp-content\\\/uploads\\\/2019\\\/08\\\/admin-logo.png\",\"width\":400,\"height\":109,\"caption\":\"BLOG Memokids\"},\"image\":{\"@id\":\"https:\\\/\\\/memokids.com.br\\\/blog\\\/#\\\/schema\\\/logo\\\/image\\\/\"}}]}<\/script>\n<!-- \/ Yoast SEO plugin. -->","yoast_head_json":{"title":"Quem \u00e9 Renato Alves? - BLOG Memokids","robots":{"index":"index","follow":"follow","max-snippet":"max-snippet:-1","max-image-preview":"max-image-preview:large","max-video-preview":"max-video-preview:-1"},"canonical":"https:\/\/memokids.com.br\/blog\/quem-e-renato-alves-3\/","og_locale":"pt_PT","og_type":"article","og_title":"Quem \u00e9 Renato Alves? - BLOG Memokids","og_description":"Eu acredito, do fundo do meu cora\u00e7\u00e3o, que todo estudante que passa horas isolado num quarto, que abre m\u00e3o do final de semana para estudar dezenas de livros, que enfrenta a fam\u00edlia, que abre m\u00e3o da vida social em busca do sonho da aprova\u00e7\u00e3o, MERECE VENCER.Existem muitas formas de vencer na vida, entretanto,&nbsp;vencer pelos estudos [&hellip;]","og_url":"https:\/\/memokids.com.br\/blog\/quem-e-renato-alves-3\/","og_site_name":"BLOG Memokids","article_modified_time":"2024-05-22T12:11:43+00:00","og_image":[{"url":"https:\/\/renatoalves.com.br\/blog\/wp-content\/uploads\/2018\/08\/bienal-do-livro-01.jpg","type":"","width":"","height":""}],"twitter_card":"summary_large_image","twitter_misc":{"Tempo estimado de leitura":"2 minutos"},"schema":{"@context":"https:\/\/schema.org","@graph":[{"@type":"WebPage","@id":"https:\/\/memokids.com.br\/blog\/quem-e-renato-alves-3\/","url":"https:\/\/memokids.com.br\/blog\/quem-e-renato-alves-3\/","name":"Quem \u00e9 Renato Alves? - BLOG Memokids","isPartOf":{"@id":"https:\/\/memokids.com.br\/blog\/#website"},"primaryImageOfPage":{"@id":"https:\/\/memokids.com.br\/blog\/quem-e-renato-alves-3\/#primaryimage"},"image":{"@id":"https:\/\/memokids.com.br\/blog\/quem-e-renato-alves-3\/#primaryimage"},"thumbnailUrl":"https:\/\/renatoalves.com.br\/blog\/wp-content\/uploads\/2018\/08\/bienal-do-livro-01.jpg","datePublished":"2019-03-15T19:40:21+00:00","dateModified":"2024-05-22T12:11:43+00:00","breadcrumb":{"@id":"https:\/\/memokids.com.br\/blog\/quem-e-renato-alves-3\/#breadcrumb"},"inLanguage":"pt-PT","potentialAction":[{"@type":"ReadAction","target":["https:\/\/memokids.com.br\/blog\/quem-e-renato-alves-3\/"]}]},{"@type":"ImageObject","inLanguage":"pt-PT","@id":"https:\/\/memokids.com.br\/blog\/quem-e-renato-alves-3\/#primaryimage","url":"https:\/\/renatoalves.com.br\/blog\/wp-content\/uploads\/2018\/08\/bienal-do-livro-01.jpg","contentUrl":"https:\/\/renatoalves.com.br\/blog\/wp-content\/uploads\/2018\/08\/bienal-do-livro-01.jpg"},{"@type":"BreadcrumbList","@id":"https:\/\/memokids.com.br\/blog\/quem-e-renato-alves-3\/#breadcrumb","itemListElement":[{"@type":"ListItem","position":1,"name":"In\u00edcio","item":"https:\/\/memokids.com.br\/blog\/"},{"@type":"ListItem","position":2,"name":"Quem \u00e9 Renato Alves?"}]},{"@type":"WebSite","@id":"https:\/\/memokids.com.br\/blog\/#website","url":"https:\/\/memokids.com.br\/blog\/","name":"BLOG Memokids","description":"Aprenda a estudar da forma certa","publisher":{"@id":"https:\/\/memokids.com.br\/blog\/#organization"},"potentialAction":[{"@type":"SearchAction","target":{"@type":"EntryPoint","urlTemplate":"https:\/\/memokids.com.br\/blog\/?s={search_term_string}"},"query-input":{"@type":"PropertyValueSpecification","valueRequired":true,"valueName":"search_term_string"}}],"inLanguage":"pt-PT"},{"@type":"Organization","@id":"https:\/\/memokids.com.br\/blog\/#organization","name":"BLOG Memokids","url":"https:\/\/memokids.com.br\/blog\/","logo":{"@type":"ImageObject","inLanguage":"pt-PT","@id":"https:\/\/memokids.com.br\/blog\/#\/schema\/logo\/image\/","url":"https:\/\/memokids.com.br\/blog\/wp-content\/uploads\/2019\/08\/admin-logo.png","contentUrl":"https:\/\/memokids.com.br\/blog\/wp-content\/uploads\/2019\/08\/admin-logo.png","width":400,"height":109,"caption":"BLOG Memokids"},"image":{"@id":"https:\/\/memokids.com.br\/blog\/#\/schema\/logo\/image\/"}}]}},"_links":{"self":[{"href":"https:\/\/memokids.com.br\/blog\/wp-json\/wp\/v2\/pages\/26","targetHints":{"allow":["GET"]}}],"collection":[{"href":"https:\/\/memokids.com.br\/blog\/wp-json\/wp\/v2\/pages"}],"about":[{"href":"https:\/\/memokids.com.br\/blog\/wp-json\/wp\/v2\/types\/page"}],"author":[{"embeddable":true,"href":"https:\/\/memokids.com.br\/blog\/wp-json\/wp\/v2\/users\/1"}],"replies":[{"embeddable":true,"href":"https:\/\/memokids.com.br\/blog\/wp-json\/wp\/v2\/comments?post=26"}],"version-history":[{"count":1,"href":"https:\/\/memokids.com.br\/blog\/wp-json\/wp\/v2\/pages\/26\/revisions"}],"predecessor-version":[{"id":27,"href":"https:\/\/memokids.com.br\/blog\/wp-json\/wp\/v2\/pages\/26\/revisions\/27"}],"wp:attachment":[{"href":"https:\/\/memokids.com.br\/blog\/wp-json\/wp\/v2\/media?parent=26"}],"curies":[{"name":"wp","href":"https:\/\/api.w.org\/{rel}","templated":true}]}}